{"id":33,"date":"2022-07-10T22:54:03","date_gmt":"2022-07-10T20:54:03","guid":{"rendered":"http:\/\/florinemaillet.fr\/?page_id=33"},"modified":"2025-06-07T15:31:13","modified_gmt":"2025-06-07T13:31:13","slug":"contact","status":"publish","type":"page","link":"https:\/\/florinemaillet.fr\/?page_id=33","title":{"rendered":"Contact"},"content":{"rendered":"\n<p class=\"wp-block-paragraph\">Vous souhaitez en savoir plus sur mes formations, mon parcours RSAI ou les outils Canop\u00e9e ?<br>Vous avez une question, une demande sp\u00e9cifique ou un projet \u00e0 construire ensemble ?<br>\ud83d\udc49 Je vous r\u00e9ponds personnellement, avec plaisir.<\/p>\n\n\n<style>.wp-block-kadence-iconlist.kt-svg-icon-list-items33_70f13f-de:not(.this-stops-third-party-issues){margin-top:0px;margin-bottom:0px;}.wp-block-kadence-iconlist.kt-svg-icon-list-items33_70f13f-de ul.kt-svg-icon-list:not(.this-prevents-issues):not(.this-stops-third-party-issues):not(.tijsloc){margin-top:0px;margin-right:0px;margin-bottom:var(--global-kb-spacing-sm, 1.5rem);margin-left:0px;}.wp-block-kadence-iconlist.kt-svg-icon-list-items33_70f13f-de ul.kt-svg-icon-list{grid-row-gap:5px;}.wp-block-kadence-iconlist.kt-svg-icon-list-items33_70f13f-de ul.kt-svg-icon-list .kt-svg-icon-list-item-wrap .kt-svg-icon-list-single{margin-right:10px;}.kt-svg-icon-list-items33_70f13f-de ul.kt-svg-icon-list .kt-svg-icon-list-level-0 .kt-svg-icon-list-single svg{font-size:20px;}<\/style>\n<div class=\"wp-block-kadence-iconlist kt-svg-icon-list-items kt-svg-icon-list-items33_70f13f-de kt-svg-icon-list-columns-1 alignnone\"><ul class=\"kt-svg-icon-list\"><style>.kt-svg-icon-list-item-33_fbe564-22 .kt-svg-icon-list-single{color:#6b9393 !important;}.kt-svg-icon-list-item-33_fbe564-22 .kt-svg-icon-list-text mark.kt-highlight{background-color:unset;font-style:normal;color:#f76a0c;-webkit-box-decoration-break:clone;box-decoration-break:clone;padding-top:0px;padding-right:0px;padding-bottom:0px;padding-left:0px;}<\/style>\n<li class=\"wp-block-kadence-listitem kt-svg-icon-list-item-wrap kt-svg-icon-list-item-33_fbe564-22\"><span class=\"kb-svg-icon-wrap kb-svg-icon-fe_mail kt-svg-icon-list-single\"><svg viewBox=\"0 0 24 24\"  fill=\"none\" stroke=\"currentColor\" stroke-width=\"2\" stroke-linecap=\"round\" stroke-linejoin=\"round\" xmlns=\"http:\/\/www.w3.org\/2000\/svg\"  aria-hidden=\"true\"><path d=\"M4 4h16c1.1 0 2 .9 2 2v12c0 1.1-.9 2-2 2H4c-1.1 0-2-.9-2-2V6c0-1.1.9-2 2-2z\"\/><polyline points=\"22,6 12,13 2,6\"\/><\/svg><\/span><span class=\"kt-svg-icon-list-text\">contact@florinemaillet.fr<\/span><\/li>\n\n\n<style>.kt-svg-icon-list-item-33_dda32f-3c .kt-svg-icon-list-single{color:#6b9393 !important;}.kt-svg-icon-list-item-33_dda32f-3c .kt-svg-icon-list-text mark.kt-highlight{background-color:unset;font-style:normal;color:#f76a0c;-webkit-box-decoration-break:clone;box-decoration-break:clone;padding-top:0px;padding-right:0px;padding-bottom:0px;padding-left:0px;}<\/style>\n<li class=\"wp-block-kadence-listitem kt-svg-icon-list-item-wrap kt-svg-icon-list-item-33_dda32f-3c\"><span class=\"kb-svg-icon-wrap kb-svg-icon-fe_mapPin kt-svg-icon-list-single\"><svg viewBox=\"0 0 24 24\"  fill=\"none\" stroke=\"currentColor\" stroke-width=\"2\" stroke-linecap=\"round\" stroke-linejoin=\"round\" xmlns=\"http:\/\/www.w3.org\/2000\/svg\"  aria-hidden=\"true\"><path d=\"M21 10c0 7-9 13-9 13s-9-6-9-13a9 9 0 0 1 18 0z\"\/><circle cx=\"12\" cy=\"10\" r=\"3\"\/><\/svg><\/span><span class=\"kt-svg-icon-list-text\">Nantes (et visio partout en France)<\/span><\/li>\n\n\n<style>.kt-svg-icon-list-item-33_aa7fee-1f .kt-svg-icon-list-single{color:#6b9393 !important;}.kt-svg-icon-list-item-33_aa7fee-1f .kt-svg-icon-list-text mark.kt-highlight{background-color:unset;font-style:normal;color:#f76a0c;-webkit-box-decoration-break:clone;box-decoration-break:clone;padding-top:0px;padding-right:0px;padding-bottom:0px;padding-left:0px;}<\/style>\n<li class=\"wp-block-kadence-listitem kt-svg-icon-list-item-wrap kt-svg-icon-list-item-33_aa7fee-1f\"><span class=\"kb-svg-icon-wrap kb-svg-icon-fe_speaker kt-svg-icon-list-single\"><svg viewBox=\"0 0 24 24\"  fill=\"none\" stroke=\"currentColor\" stroke-width=\"2\" stroke-linecap=\"round\" stroke-linejoin=\"round\" xmlns=\"http:\/\/www.w3.org\/2000\/svg\"  aria-hidden=\"true\"><rect x=\"4\" y=\"2\" width=\"16\" height=\"20\" rx=\"2\" ry=\"2\"\/><circle cx=\"12\" cy=\"14\" r=\"4\"\/><line x1=\"12\" y1=\"6\" x2=\"12\" y2=\"6\"\/><\/svg><\/span><span class=\"kt-svg-icon-list-text\">@La.RSAI<\/span><\/li>\n<\/ul><\/div>\n\n\n\n<p class=\"wp-block-paragraph\">Toutes les demandes sont lues avec attention. Je r\u00e9ponds g\u00e9n\u00e9ralement sous 48h.<br>\u00c0 tr\u00e8s bient\u00f4t \ud83c\udf3f<\/p>\n","protected":false},"excerpt":{"rendered":"<p>Vous souhaitez en savoir plus sur mes formations, mon parcours RSAI ou les outils Canop\u00e9e ?Vous avez une question, une demande sp\u00e9cifique ou un projet \u00e0 construire ensemble ?\ud83d\udc49 Je vous r\u00e9ponds personnellement, avec plaisir. Toutes les demandes sont lues avec attention. Je r\u00e9ponds g\u00e9n\u00e9ralement sous 48h.\u00c0 tr\u00e8s bient\u00f4t \ud83c\udf3f<\/p>\n","protected":false},"author":1,"featured_media":0,"parent":0,"menu_order":0,"comment_status":"closed","ping_status":"closed","template":"","meta":{"_crdt_document":"","_uag_custom_page_level_css":"","_kadence_starter_templates_imported_post":false,"_kad_post_transparent":"","_kad_post_title":"","_kad_post_layout":"","_kad_post_sidebar_id":"","_kad_post_content_style":"","_kad_post_vertical_padding":"","_kad_post_feature":"","_kad_post_feature_position":"","_kad_post_header":false,"_kad_post_footer":false,"footnotes":""},"class_list":["post-33","page","type-page","status-publish","hentry"],"uagb_featured_image_src":{"full":false,"thumbnail":false,"medium":false,"medium_large":false,"large":false,"post-slider-thumb-size":false,"post-category-slider-size":false,"wysija-newsletters-max":false,"1536x1536":false,"2048x2048":false,"mailpoet_newsletter_max":false,"woocommerce_thumbnail":false,"woocommerce_single":false,"woocommerce_gallery_thumbnail":false},"uagb_author_info":{"display_name":"admin2938","author_link":"https:\/\/florinemaillet.fr\/?author=1"},"uagb_comment_info":0,"uagb_excerpt":"Vous souhaitez en savoir plus sur mes formations, mon parcours RSAI ou les outils Canop\u00e9e ?Vous avez une question, une demande sp\u00e9cifique ou un projet \u00e0 construire ensemble ?\ud83d\udc49 Je vous r\u00e9ponds personnellement, avec plaisir. Toutes les demandes sont lues avec attention. Je r\u00e9ponds g\u00e9n\u00e9ralement sous 48h.\u00c0 tr\u00e8s bient\u00f4t \ud83c\udf3f","jetpack_sharing_enabled":true,"_links":{"self":[{"href":"https:\/\/florinemaillet.fr\/index.php?rest_route=\/wp\/v2\/pages\/33","targetHints":{"allow":["GET"]}}],"collection":[{"href":"https:\/\/florinemaillet.fr\/index.php?rest_route=\/wp\/v2\/pages"}],"about":[{"href":"https:\/\/florinemaillet.fr\/index.php?rest_route=\/wp\/v2\/types\/page"}],"author":[{"embeddable":true,"href":"https:\/\/florinemaillet.fr\/index.php?rest_route=\/wp\/v2\/users\/1"}],"replies":[{"embeddable":true,"href":"https:\/\/florinemaillet.fr\/index.php?rest_route=%2Fwp%2Fv2%2Fcomments&post=33"}],"version-history":[{"count":19,"href":"https:\/\/florinemaillet.fr\/index.php?rest_route=\/wp\/v2\/pages\/33\/revisions"}],"predecessor-version":[{"id":3408,"href":"https:\/\/florinemaillet.fr\/index.php?rest_route=\/wp\/v2\/pages\/33\/revisions\/3408"}],"wp:attachment":[{"href":"https:\/\/florinemaillet.fr\/index.php?rest_route=%2Fwp%2Fv2%2Fmedia&parent=33"}],"curies":[{"name":"wp","href":"https:\/\/api.w.org\/{rel}","templated":true}]}}