{"id":1087,"date":"2022-11-22T12:35:34","date_gmt":"2022-11-22T11:35:34","guid":{"rendered":"http:\/\/florinemaillet.fr\/?page_id=1087"},"modified":"2022-11-22T12:36:26","modified_gmt":"2022-11-22T11:36:26","slug":"mentions-legales","status":"publish","type":"page","link":"https:\/\/florinemaillet.fr\/?page_id=1087","title":{"rendered":"Mentions l\u00e9gales"},"content":{"rendered":"\n<p class=\"wp-block-paragraph\">\u00ab&nbsp;Florine MAILLET &#8211; Conseil en parentalit\u00e9\u00bb est une entreprise individuelle g\u00e9r\u00e9e par Florine MAILLET, dont le si\u00e8ge social se situe au 4 rue Paul Gauguin 44980 SAINTE-LUCE-SUR-LOIRE.<\/p>\n\n\n\n<p class=\"wp-block-paragraph\">N\u00b0 SIRET : 919 399 840 00017<\/p>\n\n\n\n<p class=\"wp-block-paragraph\">Num\u00e9ro de t\u00e9l\u00e9phone : 0763761088<\/p>\n\n\n\n<p class=\"wp-block-paragraph\">Adresse mail : consultations@florinemaillet.fr<\/p>\n\n\n\n<p class=\"wp-block-paragraph\">Directeur de publication : Florine MAILLET<\/p>\n\n\n\n<p class=\"wp-block-paragraph\">H\u00e9bergeur : SAS OVH \u2013&nbsp;<a href=\"https:\/\/www.ovh.com\/\">https:\/\/www.ovh.com\/<\/a><br>2 rue Kellermann<br>BP 80157<br>59100 Roubaix<\/p>\n\n\n\n<p class=\"wp-block-paragraph\">Le contenu de ce site (articles et photographies) ne sont pas libre de droit.<\/p>\n","protected":false},"excerpt":{"rendered":"<p>\u00ab&nbsp;Florine MAILLET &#8211; Conseil en parentalit\u00e9\u00bb est une entreprise individuelle g\u00e9r\u00e9e par Florine MAILLET, dont le si\u00e8ge social se situe au 4 rue Paul Gauguin 44980 SAINTE-LUCE-SUR-LOIRE. N\u00b0 SIRET : 919 399 840 00017 Num\u00e9ro de t\u00e9l\u00e9phone : 0763761088 Adresse mail : consultations@florinemaillet.fr Directeur de publication : Florine MAILLET H\u00e9bergeur : SAS OVH \u2013&nbsp;https:\/\/www.ovh.com\/2 rue&#8230;<\/p>\n","protected":false},"author":1,"featured_media":0,"parent":0,"menu_order":0,"comment_status":"closed","ping_status":"closed","template":"","meta":{"_crdt_document":"","_uag_custom_page_level_css":"","_kadence_starter_templates_imported_post":false,"_kad_post_transparent":"","_kad_post_title":"","_kad_post_layout":"","_kad_post_sidebar_id":"","_kad_post_content_style":"","_kad_post_vertical_padding":"","_kad_post_feature":"","_kad_post_feature_position":"","_kad_post_header":false,"_kad_post_footer":false,"footnotes":""},"class_list":["post-1087","page","type-page","status-publish","hentry"],"uagb_featured_image_src":{"full":false,"thumbnail":false,"medium":false,"medium_large":false,"large":false,"post-slider-thumb-size":false,"post-category-slider-size":false,"wysija-newsletters-max":false,"1536x1536":false,"2048x2048":false,"mailpoet_newsletter_max":false,"woocommerce_thumbnail":false,"woocommerce_single":false,"woocommerce_gallery_thumbnail":false},"uagb_author_info":{"display_name":"admin2938","author_link":"https:\/\/florinemaillet.fr\/?author=1"},"uagb_comment_info":0,"uagb_excerpt":"\u00ab&nbsp;Florine MAILLET &#8211; Conseil en parentalit\u00e9\u00bb est une entreprise individuelle g\u00e9r\u00e9e par Florine MAILLET, dont le si\u00e8ge social se situe au 4 rue Paul Gauguin 44980 SAINTE-LUCE-SUR-LOIRE. N\u00b0 SIRET : 919 399 840 00017 Num\u00e9ro de t\u00e9l\u00e9phone : 0763761088 Adresse mail : consultations@florinemaillet.fr Directeur de publication : Florine MAILLET H\u00e9bergeur : SAS OVH \u2013&nbsp;https:\/\/www.ovh.com\/2 rue...","jetpack_sharing_enabled":true,"_links":{"self":[{"href":"https:\/\/florinemaillet.fr\/index.php?rest_route=\/wp\/v2\/pages\/1087","targetHints":{"allow":["GET"]}}],"collection":[{"href":"https:\/\/florinemaillet.fr\/index.php?rest_route=\/wp\/v2\/pages"}],"about":[{"href":"https:\/\/florinemaillet.fr\/index.php?rest_route=\/wp\/v2\/types\/page"}],"author":[{"embeddable":true,"href":"https:\/\/florinemaillet.fr\/index.php?rest_route=\/wp\/v2\/users\/1"}],"replies":[{"embeddable":true,"href":"https:\/\/florinemaillet.fr\/index.php?rest_route=%2Fwp%2Fv2%2Fcomments&post=1087"}],"version-history":[{"count":2,"href":"https:\/\/florinemaillet.fr\/index.php?rest_route=\/wp\/v2\/pages\/1087\/revisions"}],"predecessor-version":[{"id":1089,"href":"https:\/\/florinemaillet.fr\/index.php?rest_route=\/wp\/v2\/pages\/1087\/revisions\/1089"}],"wp:attachment":[{"href":"https:\/\/florinemaillet.fr\/index.php?rest_route=%2Fwp%2Fv2%2Fmedia&parent=1087"}],"curies":[{"name":"wp","href":"https:\/\/api.w.org\/{rel}","templated":true}]}}